{"id":29,"date":"2013-12-28T00:02:30","date_gmt":"2013-12-28T00:02:30","guid":{"rendered":"http:\/\/www.bestofallpossibleurls.com\/moniage\/?page_id=29"},"modified":"2013-12-28T00:02:30","modified_gmt":"2013-12-28T00:02:30","slug":"sources","status":"publish","type":"page","link":"http:\/\/www.bestofallpossibleurls.com\/moniage\/sources\/","title":{"rendered":"Sources"},"content":{"rendered":"<p>Google Books has helpfully digitized\u00a0<em><a href=\"http:\/\/books.google.com\/books?id=DO4WAAAAYAAJ&amp;printsec=frontcover&amp;source=gbs_ge_summary_r&amp;cad=0#v=onepage&amp;q&amp;f=false\">Les deux r\u00e9dactions en vers du Moniage Guillaume<\/a>\u00a0<\/em>(2 vols.,\u00a0Soci\u00e9t\u00e9 des Anciens Textes Fran\u00e7ais, 1906 and 1911), which is otherwise out of print.<\/p>\n<p>The French Wikisource contains the text of\u00a0<a href=\"https:\/\/fr.wikisource.org\/wiki\/Guillaume_d%E2%80%99Orange,_le_marquis_au_court_nez\"><em>Guillaume d&#8217;Orange, le marquis au court nez<\/em><\/a>,\u00a0a good (if idiosyncratic) 1867 translation of much of the William cycle including the\u00a0<em>Moniage Guillaume<\/em>.<\/p>\n<p>The Internet Archive provides a digital version of the\u00a0<em><a href=\"https:\/\/archive.org\/search.php?sort=title&amp;query=%28contributor%3A%28Falvey%20Memorial%20Library%2C%20Villanova%20University%29%29%20AND%20-mediatype%3Acollection%20AND%20firstTitle:A\">Acta Sanctorum<\/a>;\u00a0<\/em>I have excerpted the<em> Vita<\/em> of St. William, which may be found <a href=\"http:\/\/www.bestofallpossibleurls.com\/moniage\/wp-content\/uploads\/2013\/12\/Vita.pdf\">here<\/a> [PDF, 1.9 MB].<\/p>\n","protected":false},"excerpt":{"rendered":"<p>Google Books has helpfully digitized\u00a0Les deux r\u00e9dactions en vers du Moniage Guillaume\u00a0(2 vols.,\u00a0Soci\u00e9t\u00e9 des Anciens Textes Fran\u00e7ais, 1906 and 1911), which is otherwise out of print. The French Wikisource contains the text of\u00a0Guillaume d&#8217;Orange, le marquis au court nez,\u00a0a good (if idiosyncratic) 1867 translation of much of the William cycle including the\u00a0Moniage Guillaume. The Internet &hellip; <a href=\"http:\/\/www.bestofallpossibleurls.com\/moniage\/sources\/\" class=\"more-link\">Continue reading <span class=\"screen-reader-text\">Sources<\/span> <span class=\"meta-nav\">&rarr;<\/span><\/a><\/p>\n","protected":false},"author":1,"featured_media":0,"parent":0,"menu_order":3,"comment_status":"closed","ping_status":"closed","template":"","meta":{"footnotes":""},"class_list":["post-29","page","type-page","status-publish","hentry"],"_links":{"self":[{"href":"http:\/\/www.bestofallpossibleurls.com\/moniage\/wp-json\/wp\/v2\/pages\/29","targetHints":{"allow":["GET"]}}],"collection":[{"href":"http:\/\/www.bestofallpossibleurls.com\/moniage\/wp-json\/wp\/v2\/pages"}],"about":[{"href":"http:\/\/www.bestofallpossibleurls.com\/moniage\/wp-json\/wp\/v2\/types\/page"}],"author":[{"embeddable":true,"href":"http:\/\/www.bestofallpossibleurls.com\/moniage\/wp-json\/wp\/v2\/users\/1"}],"replies":[{"embeddable":true,"href":"http:\/\/www.bestofallpossibleurls.com\/moniage\/wp-json\/wp\/v2\/comments?post=29"}],"version-history":[{"count":1,"href":"http:\/\/www.bestofallpossibleurls.com\/moniage\/wp-json\/wp\/v2\/pages\/29\/revisions"}],"predecessor-version":[{"id":31,"href":"http:\/\/www.bestofallpossibleurls.com\/moniage\/wp-json\/wp\/v2\/pages\/29\/revisions\/31"}],"wp:attachment":[{"href":"http:\/\/www.bestofallpossibleurls.com\/moniage\/wp-json\/wp\/v2\/media?parent=29"}],"curies":[{"name":"wp","href":"https:\/\/api.w.org\/{rel}","templated":true}]}}